{"id":1789,"date":"2020-05-29T16:31:42","date_gmt":"2020-05-29T16:31:42","guid":{"rendered":"https:\/\/www.zeilmakerijubs.nl\/index.php\/wie-zijn-wij-2\/"},"modified":"2021-04-27T08:09:28","modified_gmt":"2021-04-27T08:09:28","slug":"wer-wir-sind","status":"publish","type":"page","link":"https:\/\/www.zeilmakerijubs.nl\/de\/wer-wir-sind\/","title":{"rendered":"Wer wir sind"},"content":{"rendered":"\t\t<div data-elementor-type=\"wp-page\" data-elementor-id=\"1789\" class=\"elementor elementor-1789 elementor-1019\" data-elementor-post-type=\"page\">\n\t\t\t\t\t\t<section class=\"elementor-section elementor-top-section elementor-element elementor-element-6a228cfe elementor-section-full_width elementor-section-content-middle elementor-section-height-default elementor-section-height-default\" data-id=\"6a228cfe\" data-element_type=\"section\" data-e-type=\"section\">\n\t\t\t\t\t\t<div class=\"elementor-container elementor-column-gap-no\">\n\t\t\t\t\t<div class=\"elementor-column elementor-col-50 elementor-top-column elementor-element elementor-element-17ee389f\" data-id=\"17ee389f\" data-element_type=\"column\" data-e-type=\"column\" data-settings=\"{&quot;background_background&quot;:&quot;classic&quot;}\">\n\t\t\t<div class=\"elementor-widget-wrap elementor-element-populated\">\n\t\t\t\t\t<div class=\"elementor-background-overlay\"><\/div>\n\t\t\t\t\t\t<div class=\"elementor-element elementor-element-619476eb elementor-widget elementor-widget-heading\" data-id=\"619476eb\" data-element_type=\"widget\" data-e-type=\"widget\" data-widget_type=\"heading.default\">\n\t\t\t\t<div class=\"elementor-widget-container\">\n\t\t\t\t\t<h2 class=\"elementor-heading-title elementor-size-default\">Ma\u00dfgeschneiderte Beratung, fachgerecht &amp; schnell<\/h2>\t\t\t\t<\/div>\n\t\t\t\t<\/div>\n\t\t\t\t<div class=\"elementor-element elementor-element-bd91810 elementor-widget elementor-widget-spacer\" data-id=\"bd91810\" data-element_type=\"widget\" data-e-type=\"widget\" data-widget_type=\"spacer.default\">\n\t\t\t\t<div class=\"elementor-widget-container\">\n\t\t\t\t\t\t\t<div class=\"elementor-spacer\">\n\t\t\t<div class=\"elementor-spacer-inner\"><\/div>\n\t\t<\/div>\n\t\t\t\t\t\t<\/div>\n\t\t\t\t<\/div>\n\t\t\t\t<div class=\"elementor-element elementor-element-ae8c443 elementor-widget elementor-widget-video\" data-id=\"ae8c443\" data-element_type=\"widget\" data-e-type=\"widget\" data-settings=\"{&quot;youtube_url&quot;:&quot;https:\\\/\\\/youtu.be\\\/aB805OKPaRg&quot;,&quot;show_image_overlay&quot;:&quot;yes&quot;,&quot;image_overlay&quot;:{&quot;url&quot;:&quot;&quot;,&quot;id&quot;:&quot;&quot;,&quot;size&quot;:&quot;&quot;},&quot;video_type&quot;:&quot;youtube&quot;,&quot;controls&quot;:&quot;yes&quot;}\" data-widget_type=\"video.default\">\n\t\t\t\t<div class=\"elementor-widget-container\">\n\t\t\t\t\t\t\t<div class=\"elementor-wrapper elementor-open-inline\">\n\t\t\t<div class=\"elementor-video\"><\/div>\t\t<\/div>\n\t\t\t\t\t\t<\/div>\n\t\t\t\t<\/div>\n\t\t\t\t\t<\/div>\n\t\t<\/div>\n\t\t\t\t<div class=\"elementor-column elementor-col-50 elementor-top-column elementor-element elementor-element-5967bfb0\" data-id=\"5967bfb0\" data-element_type=\"column\" data-e-type=\"column\">\n\t\t\t<div class=\"elementor-widget-wrap elementor-element-populated\">\n\t\t\t\t\t\t<div class=\"elementor-element elementor-element-44af9154 elementor-widget elementor-widget-text-editor\" data-id=\"44af9154\" data-element_type=\"widget\" data-e-type=\"widget\" data-widget_type=\"text-editor.default\">\n\t\t\t\t<div class=\"elementor-widget-container\">\n\t\t\t\t\t\t\t\t\t<p><span lang=\"DE\">Willkommen bei der Segelmacherei UBS<\/span><\/p>\t\t\t\t\t\t\t\t<\/div>\n\t\t\t\t<\/div>\n\t\t\t\t<div class=\"elementor-element elementor-element-77581e90 elementor-widget elementor-widget-text-editor\" data-id=\"77581e90\" data-element_type=\"widget\" data-e-type=\"widget\" data-widget_type=\"text-editor.default\">\n\t\t\t\t<div class=\"elementor-widget-container\">\n\t\t\t\t\t\t\t\t\t<div><span lang=\"DE\">Willkommen bei der Segelmacherei UBS<\/span><\/div>\n<div>\n<p><span lang=\"DE\">United Baltic Sails (UBS) wurde 1989 als Joint Venture mit der polnischen Segelmacherei Bryt-Sails aus Danzig zur Herstellung von Segeln gegr\u00fcndet. Noch heute werden alle neuen Segel von rund 25 Mitarbeiter dort hergestellt. 2002 \u00fcbernahm Hans van der Lee die Leitung von UBS.<\/span><\/p>\n<p><\/p>\n<p><span lang=\"DE\">Anf\u00e4nglich f\u00fchrte UBS vor allem Arbeiten f\u00fcr die segelnde Berufsfahrt aus. Bald aber kamen mit gro\u00dfem Erfolg mehr und mehr Auftr\u00e4ge von Freizeit Seglern hinzu. Diese Entwicklung setzte sich in den folgenden Jahren fort. <\/span><\/p>\n<p><\/p><span lang=\"DE\">Dabei stieg auch die Nachfrage nach Unterhalt und Reparaturarbeiten an den Segeln stetig an. Um diese Nachfrage zu bew\u00e4ltigen, wurde in Enkhuizen, Niederlande unter dem Namen \u201eZeilmakerij UBS\u201c (Segelmacherei UBS) eine eigenst\u00e4ndige Abteilung gegr\u00fcndet, deren Leitung Patrick van der Walle in den letzten Jahren \u00fcbernahm. Dort werden in gr\u00f6\u00dftenteils traditioneller Handarbeit Segel repariert und angepasst. Die Zusammenarbeit zwischen den beiden Abteilungen ist sehr eng und wir sind gut aufeinander eingespielt. Die Segelmacherei UBS wuchs erfolgreich und so stand 2017 aus Platzmangel der Umzug nach Medemblik an. <\/span>\n<\/div>\t\t\t\t\t\t\t\t<\/div>\n\t\t\t\t<\/div>\n\t\t\t\t\t<\/div>\n\t\t<\/div>\n\t\t\t\t\t<\/div>\n\t\t<\/section>\n\t\t\t\t<\/div>\n\t\t","protected":false},"excerpt":{"rendered":"<p>Ma\u00dfgeschneiderte Beratung, fachgerecht &#038; schnell https:\/\/youtu.be\/aB805OKPaRg Willkommen bei der Segelmacherei UBS Willkommen bei der Segelmacherei UBS United Baltic Sails (UBS) wurde 1989 als Joint Venture mit der polnischen Segelmacherei Bryt-Sails aus Danzig zur Herstellung von Segeln gegr\u00fcndet. Noch heute werden alle neuen Segel von rund 25 Mitarbeiter dort hergestellt. 2002 \u00fcbernahm Hans van der Lee [&hellip;]<\/p>\n","protected":false},"author":1,"featured_media":0,"parent":0,"menu_order":0,"comment_status":"closed","ping_status":"closed","template":"elementor_header_footer","meta":{"footnotes":""},"class_list":["post-1789","page","type-page","status-publish","hentry"],"yoast_head":"<!-- This site is optimized with the Yoast SEO plugin v26.8 - https:\/\/yoast.com\/product\/yoast-seo-wordpress\/ -->\n<title>Wer wir sind | Zeilmakerij UBS B.V.<\/title>\n<meta name=\"robots\" content=\"index, follow, max-snippet:-1, max-image-preview:large, max-video-preview:-1\" \/>\n<link rel=\"canonical\" href=\"https:\/\/www.zeilmakerijubs.nl\/de\/wer-wir-sind\/\" \/>\n<meta property=\"og:locale\" content=\"de_DE\" \/>\n<meta property=\"og:type\" content=\"article\" \/>\n<meta property=\"og:title\" content=\"Wer wir sind | Zeilmakerij UBS B.V.\" \/>\n<meta property=\"og:description\" content=\"Ma\u00dfgeschneiderte Beratung, fachgerecht &#038; schnell https:\/\/youtu.be\/aB805OKPaRg Willkommen bei der Segelmacherei UBS Willkommen bei der Segelmacherei UBS United Baltic Sails (UBS) wurde 1989 als Joint Venture mit der polnischen Segelmacherei Bryt-Sails aus Danzig zur Herstellung von Segeln gegr\u00fcndet. Noch heute werden alle neuen Segel von rund 25 Mitarbeiter dort hergestellt. 2002 \u00fcbernahm Hans van der Lee [&hellip;]\" \/>\n<meta property=\"og:url\" content=\"https:\/\/www.zeilmakerijubs.nl\/de\/wer-wir-sind\/\" \/>\n<meta property=\"og:site_name\" content=\"Zeilmakerij UBS B.V.\" \/>\n<meta property=\"article:publisher\" content=\"https:\/\/www.facebook.com\/zeilmakerijubs\/\" \/>\n<meta property=\"article:modified_time\" content=\"2021-04-27T08:09:28+00:00\" \/>\n<meta name=\"twitter:card\" content=\"summary_large_image\" \/>\n<meta name=\"twitter:label1\" content=\"Gesch\u00e4tzte Lesezeit\" \/>\n\t<meta name=\"twitter:data1\" content=\"1\u00a0Minute\" \/>\n<script type=\"application\/ld+json\" class=\"yoast-schema-graph\">{\"@context\":\"https:\/\/schema.org\",\"@graph\":[{\"@type\":\"WebPage\",\"@id\":\"https:\/\/www.zeilmakerijubs.nl\/de\/wer-wir-sind\/\",\"url\":\"https:\/\/www.zeilmakerijubs.nl\/de\/wer-wir-sind\/\",\"name\":\"Wer wir sind | Zeilmakerij UBS B.V.\",\"isPartOf\":{\"@id\":\"https:\/\/www.zeilmakerijubs.nl\/de\/#website\"},\"datePublished\":\"2020-05-29T16:31:42+00:00\",\"dateModified\":\"2021-04-27T08:09:28+00:00\",\"breadcrumb\":{\"@id\":\"https:\/\/www.zeilmakerijubs.nl\/de\/wer-wir-sind\/#breadcrumb\"},\"inLanguage\":\"de\",\"potentialAction\":[{\"@type\":\"ReadAction\",\"target\":[\"https:\/\/www.zeilmakerijubs.nl\/de\/wer-wir-sind\/\"]}]},{\"@type\":\"BreadcrumbList\",\"@id\":\"https:\/\/www.zeilmakerijubs.nl\/de\/wer-wir-sind\/#breadcrumb\",\"itemListElement\":[{\"@type\":\"ListItem\",\"position\":1,\"name\":\"Home\",\"item\":\"https:\/\/www.zeilmakerijubs.nl\/de\/\"},{\"@type\":\"ListItem\",\"position\":2,\"name\":\"Wer wir sind\"}]},{\"@type\":\"WebSite\",\"@id\":\"https:\/\/www.zeilmakerijubs.nl\/de\/#website\",\"url\":\"https:\/\/www.zeilmakerijubs.nl\/de\/\",\"name\":\"Zeilmakerij UBS B.V.\",\"description\":\"Zeilen | Huiken | Hoezen | Tenten | Afdekhoezen\",\"publisher\":{\"@id\":\"https:\/\/www.zeilmakerijubs.nl\/de\/#organization\"},\"potentialAction\":[{\"@type\":\"SearchAction\",\"target\":{\"@type\":\"EntryPoint\",\"urlTemplate\":\"https:\/\/www.zeilmakerijubs.nl\/de\/?s={search_term_string}\"},\"query-input\":{\"@type\":\"PropertyValueSpecification\",\"valueRequired\":true,\"valueName\":\"search_term_string\"}}],\"inLanguage\":\"de\"},{\"@type\":\"Organization\",\"@id\":\"https:\/\/www.zeilmakerijubs.nl\/de\/#organization\",\"name\":\"Zeilmakerij UBS | Zeilen | Huiken | Hoezen | Tenten\",\"url\":\"https:\/\/www.zeilmakerijubs.nl\/de\/\",\"logo\":{\"@type\":\"ImageObject\",\"inLanguage\":\"de\",\"@id\":\"https:\/\/www.zeilmakerijubs.nl\/de\/#\/schema\/logo\/image\/\",\"url\":\"https:\/\/www.zeilmakerijubs.nl\/wp-content\/uploads\/2020\/05\/favicon-Zeilmakerij-UBS.png\",\"contentUrl\":\"https:\/\/www.zeilmakerijubs.nl\/wp-content\/uploads\/2020\/05\/favicon-Zeilmakerij-UBS.png\",\"width\":1194,\"height\":1194,\"caption\":\"Zeilmakerij UBS | Zeilen | Huiken | Hoezen | Tenten\"},\"image\":{\"@id\":\"https:\/\/www.zeilmakerijubs.nl\/de\/#\/schema\/logo\/image\/\"},\"sameAs\":[\"https:\/\/www.facebook.com\/zeilmakerijubs\/\",\"https:\/\/www.instagram.com\/zeilmakerij_ubs\/\",\"https:\/\/www.youtube.com\/channel\/UCc7c83J-p8HxfK3FnlCoj-g\"]}]}<\/script>\n<!-- \/ Yoast SEO plugin. -->","yoast_head_json":{"title":"Wer wir sind | Zeilmakerij UBS B.V.","robots":{"index":"index","follow":"follow","max-snippet":"max-snippet:-1","max-image-preview":"max-image-preview:large","max-video-preview":"max-video-preview:-1"},"canonical":"https:\/\/www.zeilmakerijubs.nl\/de\/wer-wir-sind\/","og_locale":"de_DE","og_type":"article","og_title":"Wer wir sind | Zeilmakerij UBS B.V.","og_description":"Ma\u00dfgeschneiderte Beratung, fachgerecht &#038; schnell https:\/\/youtu.be\/aB805OKPaRg Willkommen bei der Segelmacherei UBS Willkommen bei der Segelmacherei UBS United Baltic Sails (UBS) wurde 1989 als Joint Venture mit der polnischen Segelmacherei Bryt-Sails aus Danzig zur Herstellung von Segeln gegr\u00fcndet. Noch heute werden alle neuen Segel von rund 25 Mitarbeiter dort hergestellt. 2002 \u00fcbernahm Hans van der Lee [&hellip;]","og_url":"https:\/\/www.zeilmakerijubs.nl\/de\/wer-wir-sind\/","og_site_name":"Zeilmakerij UBS B.V.","article_publisher":"https:\/\/www.facebook.com\/zeilmakerijubs\/","article_modified_time":"2021-04-27T08:09:28+00:00","twitter_card":"summary_large_image","twitter_misc":{"Gesch\u00e4tzte Lesezeit":"1\u00a0Minute"},"schema":{"@context":"https:\/\/schema.org","@graph":[{"@type":"WebPage","@id":"https:\/\/www.zeilmakerijubs.nl\/de\/wer-wir-sind\/","url":"https:\/\/www.zeilmakerijubs.nl\/de\/wer-wir-sind\/","name":"Wer wir sind | Zeilmakerij UBS B.V.","isPartOf":{"@id":"https:\/\/www.zeilmakerijubs.nl\/de\/#website"},"datePublished":"2020-05-29T16:31:42+00:00","dateModified":"2021-04-27T08:09:28+00:00","breadcrumb":{"@id":"https:\/\/www.zeilmakerijubs.nl\/de\/wer-wir-sind\/#breadcrumb"},"inLanguage":"de","potentialAction":[{"@type":"ReadAction","target":["https:\/\/www.zeilmakerijubs.nl\/de\/wer-wir-sind\/"]}]},{"@type":"BreadcrumbList","@id":"https:\/\/www.zeilmakerijubs.nl\/de\/wer-wir-sind\/#breadcrumb","itemListElement":[{"@type":"ListItem","position":1,"name":"Home","item":"https:\/\/www.zeilmakerijubs.nl\/de\/"},{"@type":"ListItem","position":2,"name":"Wer wir sind"}]},{"@type":"WebSite","@id":"https:\/\/www.zeilmakerijubs.nl\/de\/#website","url":"https:\/\/www.zeilmakerijubs.nl\/de\/","name":"Zeilmakerij UBS B.V.","description":"Zeilen | Huiken | Hoezen | Tenten | Afdekhoezen","publisher":{"@id":"https:\/\/www.zeilmakerijubs.nl\/de\/#organization"},"potentialAction":[{"@type":"SearchAction","target":{"@type":"EntryPoint","urlTemplate":"https:\/\/www.zeilmakerijubs.nl\/de\/?s={search_term_string}"},"query-input":{"@type":"PropertyValueSpecification","valueRequired":true,"valueName":"search_term_string"}}],"inLanguage":"de"},{"@type":"Organization","@id":"https:\/\/www.zeilmakerijubs.nl\/de\/#organization","name":"Zeilmakerij UBS | Zeilen | Huiken | Hoezen | Tenten","url":"https:\/\/www.zeilmakerijubs.nl\/de\/","logo":{"@type":"ImageObject","inLanguage":"de","@id":"https:\/\/www.zeilmakerijubs.nl\/de\/#\/schema\/logo\/image\/","url":"https:\/\/www.zeilmakerijubs.nl\/wp-content\/uploads\/2020\/05\/favicon-Zeilmakerij-UBS.png","contentUrl":"https:\/\/www.zeilmakerijubs.nl\/wp-content\/uploads\/2020\/05\/favicon-Zeilmakerij-UBS.png","width":1194,"height":1194,"caption":"Zeilmakerij UBS | Zeilen | Huiken | Hoezen | Tenten"},"image":{"@id":"https:\/\/www.zeilmakerijubs.nl\/de\/#\/schema\/logo\/image\/"},"sameAs":["https:\/\/www.facebook.com\/zeilmakerijubs\/","https:\/\/www.instagram.com\/zeilmakerij_ubs\/","https:\/\/www.youtube.com\/channel\/UCc7c83J-p8HxfK3FnlCoj-g"]}]}},"_links":{"self":[{"href":"https:\/\/www.zeilmakerijubs.nl\/de\/wp-json\/wp\/v2\/pages\/1789","targetHints":{"allow":["GET"]}}],"collection":[{"href":"https:\/\/www.zeilmakerijubs.nl\/de\/wp-json\/wp\/v2\/pages"}],"about":[{"href":"https:\/\/www.zeilmakerijubs.nl\/de\/wp-json\/wp\/v2\/types\/page"}],"author":[{"embeddable":true,"href":"https:\/\/www.zeilmakerijubs.nl\/de\/wp-json\/wp\/v2\/users\/1"}],"replies":[{"embeddable":true,"href":"https:\/\/www.zeilmakerijubs.nl\/de\/wp-json\/wp\/v2\/comments?post=1789"}],"version-history":[{"count":5,"href":"https:\/\/www.zeilmakerijubs.nl\/de\/wp-json\/wp\/v2\/pages\/1789\/revisions"}],"predecessor-version":[{"id":3627,"href":"https:\/\/www.zeilmakerijubs.nl\/de\/wp-json\/wp\/v2\/pages\/1789\/revisions\/3627"}],"wp:attachment":[{"href":"https:\/\/www.zeilmakerijubs.nl\/de\/wp-json\/wp\/v2\/media?parent=1789"}],"curies":[{"name":"wp","href":"https:\/\/api.w.org\/{rel}","templated":true}]}}