{"id":3082,"date":"2021-02-16T19:13:35","date_gmt":"2021-02-16T19:13:35","guid":{"rendered":"https:\/\/www.zeilmakerijubs.nl\/reparaties\/"},"modified":"2021-02-17T06:59:05","modified_gmt":"2021-02-17T06:59:05","slug":"reparaturen","status":"publish","type":"page","link":"https:\/\/www.zeilmakerijubs.nl\/de\/reparaturen\/","title":{"rendered":"Reparaturen"},"content":{"rendered":"\t\t<div data-elementor-type=\"wp-page\" data-elementor-id=\"3082\" class=\"elementor elementor-3082 elementor-1133\" data-elementor-post-type=\"page\">\n\t\t\t\t\t\t<section class=\"elementor-section elementor-top-section elementor-element elementor-element-facd103 elementor-section-full_width elementor-section-content-middle elementor-section-height-default elementor-section-height-default\" data-id=\"facd103\" data-element_type=\"section\" data-e-type=\"section\">\n\t\t\t\t\t\t<div class=\"elementor-container elementor-column-gap-no\">\n\t\t\t\t\t<div class=\"elementor-column elementor-col-50 elementor-top-column elementor-element elementor-element-2a01de6\" data-id=\"2a01de6\" data-element_type=\"column\" data-e-type=\"column\">\n\t\t\t<div class=\"elementor-widget-wrap elementor-element-populated\">\n\t\t\t\t\t<div class=\"elementor-background-overlay\"><\/div>\n\t\t\t\t\t\t<div class=\"elementor-element elementor-element-4bab664 elementor-widget elementor-widget-image\" data-id=\"4bab664\" data-element_type=\"widget\" data-e-type=\"widget\" data-widget_type=\"image.default\">\n\t\t\t\t<div class=\"elementor-widget-container\">\n\t\t\t\t\t\t\t\t\t\t\t\t\t\t\t<img fetchpriority=\"high\" decoding=\"async\" width=\"1024\" height=\"682\" src=\"https:\/\/www.zeilmakerijubs.nl\/wp-content\/uploads\/2021\/02\/zeilmakerijubs_producten_reparaties-1-1024x682.jpg\" class=\"attachment-large size-large wp-image-2754\" alt=\"\" srcset=\"https:\/\/www.zeilmakerijubs.nl\/wp-content\/uploads\/2021\/02\/zeilmakerijubs_producten_reparaties-1-1024x682.jpg 1024w, https:\/\/www.zeilmakerijubs.nl\/wp-content\/uploads\/2021\/02\/zeilmakerijubs_producten_reparaties-1-300x200.jpg 300w, https:\/\/www.zeilmakerijubs.nl\/wp-content\/uploads\/2021\/02\/zeilmakerijubs_producten_reparaties-1-768x512.jpg 768w, https:\/\/www.zeilmakerijubs.nl\/wp-content\/uploads\/2021\/02\/zeilmakerijubs_producten_reparaties-1-1536x1024.jpg 1536w, https:\/\/www.zeilmakerijubs.nl\/wp-content\/uploads\/2021\/02\/zeilmakerijubs_producten_reparaties-1-830x553.jpg 830w, https:\/\/www.zeilmakerijubs.nl\/wp-content\/uploads\/2021\/02\/zeilmakerijubs_producten_reparaties-1-230x153.jpg 230w, https:\/\/www.zeilmakerijubs.nl\/wp-content\/uploads\/2021\/02\/zeilmakerijubs_producten_reparaties-1-350x233.jpg 350w, https:\/\/www.zeilmakerijubs.nl\/wp-content\/uploads\/2021\/02\/zeilmakerijubs_producten_reparaties-1-480x320.jpg 480w, https:\/\/www.zeilmakerijubs.nl\/wp-content\/uploads\/2021\/02\/zeilmakerijubs_producten_reparaties-1.jpg 1772w\" sizes=\"(max-width: 1024px) 100vw, 1024px\" \/>\t\t\t\t\t\t\t\t\t\t\t\t\t\t\t<\/div>\n\t\t\t\t<\/div>\n\t\t\t\t\t<\/div>\n\t\t<\/div>\n\t\t\t\t<div class=\"elementor-column elementor-col-50 elementor-top-column elementor-element elementor-element-57595ee\" data-id=\"57595ee\" data-element_type=\"column\" data-e-type=\"column\">\n\t\t\t<div class=\"elementor-widget-wrap elementor-element-populated\">\n\t\t\t\t\t\t<div class=\"elementor-element elementor-element-577b0fb elementor-widget elementor-widget-text-editor\" data-id=\"577b0fb\" data-element_type=\"widget\" data-e-type=\"widget\" data-widget_type=\"text-editor.default\">\n\t\t\t\t<div class=\"elementor-widget-container\">\n\t\t\t\t\t\t\t\t\t<p>Reparatur von Segeln<\/p>\t\t\t\t\t\t\t\t<\/div>\n\t\t\t\t<\/div>\n\t\t\t\t<div class=\"elementor-element elementor-element-79a3d23 elementor-widget elementor-widget-text-editor\" data-id=\"79a3d23\" data-element_type=\"widget\" data-e-type=\"widget\" data-widget_type=\"text-editor.default\">\n\t\t\t\t<div class=\"elementor-widget-container\">\n\t\t\t\t\t\t\t\t\t<p>Die Segelmacherei UBS repariert alle Arten an Segeln Ihres Segelbootes. Ob es sich um ein kleines oder gro\u00dfes Boot handelt, spielt f\u00fcr uns keine Rolle, wir haben alle verf\u00fcgbaren Ger\u00e4te im Haus. Wir k\u00f6nnen auch gro\u00dfe Spinnaker und Genuas reparieren.<\/p>\t\t\t\t\t\t\t\t<\/div>\n\t\t\t\t<\/div>\n\t\t\t\t\t<\/div>\n\t\t<\/div>\n\t\t\t\t\t<\/div>\n\t\t<\/section>\n\t\t\t\t<\/div>\n\t\t","protected":false},"excerpt":{"rendered":"<p>Reparatur von Segeln Die Segelmacherei UBS repariert alle Arten an Segeln Ihres Segelbootes. Ob es sich um ein kleines oder gro\u00dfes Boot handelt, spielt f\u00fcr uns keine Rolle, wir haben alle verf\u00fcgbaren Ger\u00e4te im Haus. Wir k\u00f6nnen auch gro\u00dfe Spinnaker und Genuas reparieren.<\/p>\n","protected":false},"author":1,"featured_media":0,"parent":0,"menu_order":0,"comment_status":"closed","ping_status":"closed","template":"elementor_header_footer","meta":{"footnotes":""},"class_list":["post-3082","page","type-page","status-publish","hentry"],"yoast_head":"<!-- This site is optimized with the Yoast SEO plugin v26.8 - https:\/\/yoast.com\/product\/yoast-seo-wordpress\/ -->\n<title>Reparaturen | Zeilmakerij UBS B.V.<\/title>\n<meta name=\"robots\" content=\"index, follow, max-snippet:-1, max-image-preview:large, max-video-preview:-1\" \/>\n<link rel=\"canonical\" href=\"https:\/\/www.zeilmakerijubs.nl\/de\/reparaturen\/\" \/>\n<meta property=\"og:locale\" content=\"de_DE\" \/>\n<meta property=\"og:type\" content=\"article\" \/>\n<meta property=\"og:title\" content=\"Reparaturen | Zeilmakerij UBS B.V.\" \/>\n<meta property=\"og:description\" content=\"Reparatur von Segeln Die Segelmacherei UBS repariert alle Arten an Segeln Ihres Segelbootes. Ob es sich um ein kleines oder gro\u00dfes Boot handelt, spielt f\u00fcr uns keine Rolle, wir haben alle verf\u00fcgbaren Ger\u00e4te im Haus. Wir k\u00f6nnen auch gro\u00dfe Spinnaker und Genuas reparieren.\" \/>\n<meta property=\"og:url\" content=\"https:\/\/www.zeilmakerijubs.nl\/de\/reparaturen\/\" \/>\n<meta property=\"og:site_name\" content=\"Zeilmakerij UBS B.V.\" \/>\n<meta property=\"article:publisher\" content=\"https:\/\/www.facebook.com\/zeilmakerijubs\/\" \/>\n<meta property=\"article:modified_time\" content=\"2021-02-17T06:59:05+00:00\" \/>\n<meta property=\"og:image\" content=\"https:\/\/www.zeilmakerijubs.nl\/wp-content\/uploads\/2021\/02\/zeilmakerijubs_producten_reparaties-1-1024x682.jpg\" \/>\n<meta name=\"twitter:card\" content=\"summary_large_image\" \/>\n<script type=\"application\/ld+json\" class=\"yoast-schema-graph\">{\"@context\":\"https:\/\/schema.org\",\"@graph\":[{\"@type\":\"WebPage\",\"@id\":\"https:\/\/www.zeilmakerijubs.nl\/de\/reparaturen\/\",\"url\":\"https:\/\/www.zeilmakerijubs.nl\/de\/reparaturen\/\",\"name\":\"Reparaturen | Zeilmakerij UBS B.V.\",\"isPartOf\":{\"@id\":\"https:\/\/www.zeilmakerijubs.nl\/de\/#website\"},\"primaryImageOfPage\":{\"@id\":\"https:\/\/www.zeilmakerijubs.nl\/de\/reparaturen\/#primaryimage\"},\"image\":{\"@id\":\"https:\/\/www.zeilmakerijubs.nl\/de\/reparaturen\/#primaryimage\"},\"thumbnailUrl\":\"https:\/\/www.zeilmakerijubs.nl\/wp-content\/uploads\/2021\/02\/zeilmakerijubs_producten_reparaties-1-1024x682.jpg\",\"datePublished\":\"2021-02-16T19:13:35+00:00\",\"dateModified\":\"2021-02-17T06:59:05+00:00\",\"breadcrumb\":{\"@id\":\"https:\/\/www.zeilmakerijubs.nl\/de\/reparaturen\/#breadcrumb\"},\"inLanguage\":\"de\",\"potentialAction\":[{\"@type\":\"ReadAction\",\"target\":[\"https:\/\/www.zeilmakerijubs.nl\/de\/reparaturen\/\"]}]},{\"@type\":\"ImageObject\",\"inLanguage\":\"de\",\"@id\":\"https:\/\/www.zeilmakerijubs.nl\/de\/reparaturen\/#primaryimage\",\"url\":\"https:\/\/www.zeilmakerijubs.nl\/wp-content\/uploads\/2021\/02\/zeilmakerijubs_producten_reparaties-1-1024x682.jpg\",\"contentUrl\":\"https:\/\/www.zeilmakerijubs.nl\/wp-content\/uploads\/2021\/02\/zeilmakerijubs_producten_reparaties-1-1024x682.jpg\"},{\"@type\":\"BreadcrumbList\",\"@id\":\"https:\/\/www.zeilmakerijubs.nl\/de\/reparaturen\/#breadcrumb\",\"itemListElement\":[{\"@type\":\"ListItem\",\"position\":1,\"name\":\"Home\",\"item\":\"https:\/\/www.zeilmakerijubs.nl\/de\/\"},{\"@type\":\"ListItem\",\"position\":2,\"name\":\"Reparaturen\"}]},{\"@type\":\"WebSite\",\"@id\":\"https:\/\/www.zeilmakerijubs.nl\/de\/#website\",\"url\":\"https:\/\/www.zeilmakerijubs.nl\/de\/\",\"name\":\"Zeilmakerij UBS B.V.\",\"description\":\"Zeilen | Huiken | Hoezen | Tenten | Afdekhoezen\",\"publisher\":{\"@id\":\"https:\/\/www.zeilmakerijubs.nl\/de\/#organization\"},\"potentialAction\":[{\"@type\":\"SearchAction\",\"target\":{\"@type\":\"EntryPoint\",\"urlTemplate\":\"https:\/\/www.zeilmakerijubs.nl\/de\/?s={search_term_string}\"},\"query-input\":{\"@type\":\"PropertyValueSpecification\",\"valueRequired\":true,\"valueName\":\"search_term_string\"}}],\"inLanguage\":\"de\"},{\"@type\":\"Organization\",\"@id\":\"https:\/\/www.zeilmakerijubs.nl\/de\/#organization\",\"name\":\"Zeilmakerij UBS | Zeilen | Huiken | Hoezen | Tenten\",\"url\":\"https:\/\/www.zeilmakerijubs.nl\/de\/\",\"logo\":{\"@type\":\"ImageObject\",\"inLanguage\":\"de\",\"@id\":\"https:\/\/www.zeilmakerijubs.nl\/de\/#\/schema\/logo\/image\/\",\"url\":\"https:\/\/www.zeilmakerijubs.nl\/wp-content\/uploads\/2020\/05\/favicon-Zeilmakerij-UBS.png\",\"contentUrl\":\"https:\/\/www.zeilmakerijubs.nl\/wp-content\/uploads\/2020\/05\/favicon-Zeilmakerij-UBS.png\",\"width\":1194,\"height\":1194,\"caption\":\"Zeilmakerij UBS | Zeilen | Huiken | Hoezen | Tenten\"},\"image\":{\"@id\":\"https:\/\/www.zeilmakerijubs.nl\/de\/#\/schema\/logo\/image\/\"},\"sameAs\":[\"https:\/\/www.facebook.com\/zeilmakerijubs\/\",\"https:\/\/www.instagram.com\/zeilmakerij_ubs\/\",\"https:\/\/www.youtube.com\/channel\/UCc7c83J-p8HxfK3FnlCoj-g\"]}]}<\/script>\n<!-- \/ Yoast SEO plugin. -->","yoast_head_json":{"title":"Reparaturen | Zeilmakerij UBS B.V.","robots":{"index":"index","follow":"follow","max-snippet":"max-snippet:-1","max-image-preview":"max-image-preview:large","max-video-preview":"max-video-preview:-1"},"canonical":"https:\/\/www.zeilmakerijubs.nl\/de\/reparaturen\/","og_locale":"de_DE","og_type":"article","og_title":"Reparaturen | Zeilmakerij UBS B.V.","og_description":"Reparatur von Segeln Die Segelmacherei UBS repariert alle Arten an Segeln Ihres Segelbootes. Ob es sich um ein kleines oder gro\u00dfes Boot handelt, spielt f\u00fcr uns keine Rolle, wir haben alle verf\u00fcgbaren Ger\u00e4te im Haus. Wir k\u00f6nnen auch gro\u00dfe Spinnaker und Genuas reparieren.","og_url":"https:\/\/www.zeilmakerijubs.nl\/de\/reparaturen\/","og_site_name":"Zeilmakerij UBS B.V.","article_publisher":"https:\/\/www.facebook.com\/zeilmakerijubs\/","article_modified_time":"2021-02-17T06:59:05+00:00","og_image":[{"url":"https:\/\/www.zeilmakerijubs.nl\/wp-content\/uploads\/2021\/02\/zeilmakerijubs_producten_reparaties-1-1024x682.jpg","type":"","width":"","height":""}],"twitter_card":"summary_large_image","schema":{"@context":"https:\/\/schema.org","@graph":[{"@type":"WebPage","@id":"https:\/\/www.zeilmakerijubs.nl\/de\/reparaturen\/","url":"https:\/\/www.zeilmakerijubs.nl\/de\/reparaturen\/","name":"Reparaturen | Zeilmakerij UBS B.V.","isPartOf":{"@id":"https:\/\/www.zeilmakerijubs.nl\/de\/#website"},"primaryImageOfPage":{"@id":"https:\/\/www.zeilmakerijubs.nl\/de\/reparaturen\/#primaryimage"},"image":{"@id":"https:\/\/www.zeilmakerijubs.nl\/de\/reparaturen\/#primaryimage"},"thumbnailUrl":"https:\/\/www.zeilmakerijubs.nl\/wp-content\/uploads\/2021\/02\/zeilmakerijubs_producten_reparaties-1-1024x682.jpg","datePublished":"2021-02-16T19:13:35+00:00","dateModified":"2021-02-17T06:59:05+00:00","breadcrumb":{"@id":"https:\/\/www.zeilmakerijubs.nl\/de\/reparaturen\/#breadcrumb"},"inLanguage":"de","potentialAction":[{"@type":"ReadAction","target":["https:\/\/www.zeilmakerijubs.nl\/de\/reparaturen\/"]}]},{"@type":"ImageObject","inLanguage":"de","@id":"https:\/\/www.zeilmakerijubs.nl\/de\/reparaturen\/#primaryimage","url":"https:\/\/www.zeilmakerijubs.nl\/wp-content\/uploads\/2021\/02\/zeilmakerijubs_producten_reparaties-1-1024x682.jpg","contentUrl":"https:\/\/www.zeilmakerijubs.nl\/wp-content\/uploads\/2021\/02\/zeilmakerijubs_producten_reparaties-1-1024x682.jpg"},{"@type":"BreadcrumbList","@id":"https:\/\/www.zeilmakerijubs.nl\/de\/reparaturen\/#breadcrumb","itemListElement":[{"@type":"ListItem","position":1,"name":"Home","item":"https:\/\/www.zeilmakerijubs.nl\/de\/"},{"@type":"ListItem","position":2,"name":"Reparaturen"}]},{"@type":"WebSite","@id":"https:\/\/www.zeilmakerijubs.nl\/de\/#website","url":"https:\/\/www.zeilmakerijubs.nl\/de\/","name":"Zeilmakerij UBS B.V.","description":"Zeilen | Huiken | Hoezen | Tenten | Afdekhoezen","publisher":{"@id":"https:\/\/www.zeilmakerijubs.nl\/de\/#organization"},"potentialAction":[{"@type":"SearchAction","target":{"@type":"EntryPoint","urlTemplate":"https:\/\/www.zeilmakerijubs.nl\/de\/?s={search_term_string}"},"query-input":{"@type":"PropertyValueSpecification","valueRequired":true,"valueName":"search_term_string"}}],"inLanguage":"de"},{"@type":"Organization","@id":"https:\/\/www.zeilmakerijubs.nl\/de\/#organization","name":"Zeilmakerij UBS | Zeilen | Huiken | Hoezen | Tenten","url":"https:\/\/www.zeilmakerijubs.nl\/de\/","logo":{"@type":"ImageObject","inLanguage":"de","@id":"https:\/\/www.zeilmakerijubs.nl\/de\/#\/schema\/logo\/image\/","url":"https:\/\/www.zeilmakerijubs.nl\/wp-content\/uploads\/2020\/05\/favicon-Zeilmakerij-UBS.png","contentUrl":"https:\/\/www.zeilmakerijubs.nl\/wp-content\/uploads\/2020\/05\/favicon-Zeilmakerij-UBS.png","width":1194,"height":1194,"caption":"Zeilmakerij UBS | Zeilen | Huiken | Hoezen | Tenten"},"image":{"@id":"https:\/\/www.zeilmakerijubs.nl\/de\/#\/schema\/logo\/image\/"},"sameAs":["https:\/\/www.facebook.com\/zeilmakerijubs\/","https:\/\/www.instagram.com\/zeilmakerij_ubs\/","https:\/\/www.youtube.com\/channel\/UCc7c83J-p8HxfK3FnlCoj-g"]}]}},"_links":{"self":[{"href":"https:\/\/www.zeilmakerijubs.nl\/de\/wp-json\/wp\/v2\/pages\/3082","targetHints":{"allow":["GET"]}}],"collection":[{"href":"https:\/\/www.zeilmakerijubs.nl\/de\/wp-json\/wp\/v2\/pages"}],"about":[{"href":"https:\/\/www.zeilmakerijubs.nl\/de\/wp-json\/wp\/v2\/types\/page"}],"author":[{"embeddable":true,"href":"https:\/\/www.zeilmakerijubs.nl\/de\/wp-json\/wp\/v2\/users\/1"}],"replies":[{"embeddable":true,"href":"https:\/\/www.zeilmakerijubs.nl\/de\/wp-json\/wp\/v2\/comments?post=3082"}],"version-history":[{"count":5,"href":"https:\/\/www.zeilmakerijubs.nl\/de\/wp-json\/wp\/v2\/pages\/3082\/revisions"}],"predecessor-version":[{"id":3227,"href":"https:\/\/www.zeilmakerijubs.nl\/de\/wp-json\/wp\/v2\/pages\/3082\/revisions\/3227"}],"wp:attachment":[{"href":"https:\/\/www.zeilmakerijubs.nl\/de\/wp-json\/wp\/v2\/media?parent=3082"}],"curies":[{"name":"wp","href":"https:\/\/api.w.org\/{rel}","templated":true}]}}