{"id":3093,"date":"2021-02-16T19:19:00","date_gmt":"2021-02-16T19:19:00","guid":{"rendered":"https:\/\/www.zeilmakerijubs.nl\/huiken\/"},"modified":"2021-02-17T11:38:07","modified_gmt":"2021-02-17T11:38:07","slug":"persenning","status":"publish","type":"page","link":"https:\/\/www.zeilmakerijubs.nl\/de\/persenning\/","title":{"rendered":"Persenning"},"content":{"rendered":"\t\t<div data-elementor-type=\"wp-page\" data-elementor-id=\"3093\" class=\"elementor elementor-3093 elementor-1131\" data-elementor-post-type=\"page\">\n\t\t\t\t\t\t<section class=\"elementor-section elementor-top-section elementor-element elementor-element-3d849be elementor-section-full_width elementor-section-content-top elementor-section-height-default elementor-section-height-default\" data-id=\"3d849be\" data-element_type=\"section\" data-e-type=\"section\">\n\t\t\t\t\t\t<div class=\"elementor-container elementor-column-gap-no\">\n\t\t\t\t\t<div class=\"elementor-column elementor-col-50 elementor-top-column elementor-element elementor-element-2b9fe09\" data-id=\"2b9fe09\" data-element_type=\"column\" data-e-type=\"column\">\n\t\t\t<div class=\"elementor-widget-wrap elementor-element-populated\">\n\t\t\t\t\t<div class=\"elementor-background-overlay\"><\/div>\n\t\t\t\t\t\t<div class=\"elementor-element elementor-element-a069bb3 elementor-widget elementor-widget-image\" data-id=\"a069bb3\" data-element_type=\"widget\" data-e-type=\"widget\" data-widget_type=\"image.default\">\n\t\t\t\t<div class=\"elementor-widget-container\">\n\t\t\t\t\t\t\t\t\t\t\t\t\t\t\t<img fetchpriority=\"high\" decoding=\"async\" width=\"1024\" height=\"682\" src=\"https:\/\/www.zeilmakerijubs.nl\/wp-content\/uploads\/2021\/02\/zeilmakerijubs_producten_huiken-1-1024x682.jpg\" class=\"attachment-large size-large wp-image-2757\" alt=\"\" srcset=\"https:\/\/www.zeilmakerijubs.nl\/wp-content\/uploads\/2021\/02\/zeilmakerijubs_producten_huiken-1-1024x682.jpg 1024w, https:\/\/www.zeilmakerijubs.nl\/wp-content\/uploads\/2021\/02\/zeilmakerijubs_producten_huiken-1-300x200.jpg 300w, https:\/\/www.zeilmakerijubs.nl\/wp-content\/uploads\/2021\/02\/zeilmakerijubs_producten_huiken-1-768x512.jpg 768w, https:\/\/www.zeilmakerijubs.nl\/wp-content\/uploads\/2021\/02\/zeilmakerijubs_producten_huiken-1-1536x1024.jpg 1536w, https:\/\/www.zeilmakerijubs.nl\/wp-content\/uploads\/2021\/02\/zeilmakerijubs_producten_huiken-1-830x553.jpg 830w, https:\/\/www.zeilmakerijubs.nl\/wp-content\/uploads\/2021\/02\/zeilmakerijubs_producten_huiken-1-230x153.jpg 230w, https:\/\/www.zeilmakerijubs.nl\/wp-content\/uploads\/2021\/02\/zeilmakerijubs_producten_huiken-1-350x233.jpg 350w, https:\/\/www.zeilmakerijubs.nl\/wp-content\/uploads\/2021\/02\/zeilmakerijubs_producten_huiken-1-480x320.jpg 480w, https:\/\/www.zeilmakerijubs.nl\/wp-content\/uploads\/2021\/02\/zeilmakerijubs_producten_huiken-1.jpg 1772w\" sizes=\"(max-width: 1024px) 100vw, 1024px\" \/>\t\t\t\t\t\t\t\t\t\t\t\t\t\t\t<\/div>\n\t\t\t\t<\/div>\n\t\t\t\t\t<\/div>\n\t\t<\/div>\n\t\t\t\t<div class=\"elementor-column elementor-col-50 elementor-top-column elementor-element elementor-element-a79d602\" data-id=\"a79d602\" data-element_type=\"column\" data-e-type=\"column\">\n\t\t\t<div class=\"elementor-widget-wrap elementor-element-populated\">\n\t\t\t\t\t\t<div class=\"elementor-element elementor-element-a643658 elementor-widget elementor-widget-text-editor\" data-id=\"a643658\" data-element_type=\"widget\" data-e-type=\"widget\" data-widget_type=\"text-editor.default\">\n\t\t\t\t<div class=\"elementor-widget-container\">\n\t\t\t\t\t\t\t\t\t<p>Neue Persenning<\/p>\t\t\t\t\t\t\t\t<\/div>\n\t\t\t\t<\/div>\n\t\t\t\t<div class=\"elementor-element elementor-element-2d052dc elementor-widget elementor-widget-text-editor\" data-id=\"2d052dc\" data-element_type=\"widget\" data-e-type=\"widget\" data-widget_type=\"text-editor.default\">\n\t\t\t\t<div class=\"elementor-widget-container\">\n\t\t\t\t\t\t\t\t\t<p>Eine Persenning ist wichtig. Nicht so sehr, um das Regenwasser vom Eindringen abzuhalten (dies tut sie nat\u00fcrlich auch), sondern um Ihr Segel vor dem sch\u00e4dlichen UV-Licht zu sch\u00fctzen.<\/p><p>Die Segelmacherei UBS fertigt neue Persenningen f\u00fcr jeden Schiffstyp, ob gro\u00df oder klein. Wenn Ihr aktuelle Persenning Ihren W\u00fcnschen entspricht, werden wir diese als Vorbild nehmen oder wenn das nicht m\u00f6glich ist oder Sie noch keine Persenningen haben, kommen wir zu Ihnen und nehmen die genauen Ma\u00dfe. Sie k\u00f6nnen ein Preisangebot per Mail anfordern, Sie k\u00f6nnen uns anrufen oder vorbeikommen. Wir werden dann die verschiedenen Optionen mit Ihnen besprechen.<\/p>\t\t\t\t\t\t\t\t<\/div>\n\t\t\t\t<\/div>\n\t\t\t\t\t<\/div>\n\t\t<\/div>\n\t\t\t\t\t<\/div>\n\t\t<\/section>\n\t\t\t\t<\/div>\n\t\t","protected":false},"excerpt":{"rendered":"<p>Neue Persenning Eine Persenning ist wichtig. Nicht so sehr, um das Regenwasser vom Eindringen abzuhalten (dies tut sie nat\u00fcrlich auch), sondern um Ihr Segel vor dem sch\u00e4dlichen UV-Licht zu sch\u00fctzen. Die Segelmacherei UBS fertigt neue Persenningen f\u00fcr jeden Schiffstyp, ob gro\u00df oder klein. Wenn Ihr aktuelle Persenning Ihren W\u00fcnschen entspricht, werden wir diese als Vorbild [&hellip;]<\/p>\n","protected":false},"author":1,"featured_media":0,"parent":0,"menu_order":0,"comment_status":"closed","ping_status":"closed","template":"elementor_header_footer","meta":{"footnotes":""},"class_list":["post-3093","page","type-page","status-publish","hentry"],"yoast_head":"<!-- This site is optimized with the Yoast SEO plugin v26.8 - https:\/\/yoast.com\/product\/yoast-seo-wordpress\/ -->\n<title>Persenning | Zeilmakerij UBS B.V.<\/title>\n<meta name=\"robots\" content=\"index, follow, max-snippet:-1, max-image-preview:large, max-video-preview:-1\" \/>\n<link rel=\"canonical\" href=\"https:\/\/www.zeilmakerijubs.nl\/de\/persenning\/\" \/>\n<meta property=\"og:locale\" content=\"de_DE\" \/>\n<meta property=\"og:type\" content=\"article\" \/>\n<meta property=\"og:title\" content=\"Persenning | Zeilmakerij UBS B.V.\" \/>\n<meta property=\"og:description\" content=\"Neue Persenning Eine Persenning ist wichtig. Nicht so sehr, um das Regenwasser vom Eindringen abzuhalten (dies tut sie nat\u00fcrlich auch), sondern um Ihr Segel vor dem sch\u00e4dlichen UV-Licht zu sch\u00fctzen. Die Segelmacherei UBS fertigt neue Persenningen f\u00fcr jeden Schiffstyp, ob gro\u00df oder klein. Wenn Ihr aktuelle Persenning Ihren W\u00fcnschen entspricht, werden wir diese als Vorbild [&hellip;]\" \/>\n<meta property=\"og:url\" content=\"https:\/\/www.zeilmakerijubs.nl\/de\/persenning\/\" \/>\n<meta property=\"og:site_name\" content=\"Zeilmakerij UBS B.V.\" \/>\n<meta property=\"article:publisher\" content=\"https:\/\/www.facebook.com\/zeilmakerijubs\/\" \/>\n<meta property=\"article:modified_time\" content=\"2021-02-17T11:38:07+00:00\" \/>\n<meta property=\"og:image\" content=\"https:\/\/www.zeilmakerijubs.nl\/wp-content\/uploads\/2021\/02\/zeilmakerijubs_producten_huiken-1-1024x682.jpg\" \/>\n<meta name=\"twitter:card\" content=\"summary_large_image\" \/>\n<meta name=\"twitter:label1\" content=\"Gesch\u00e4tzte Lesezeit\" \/>\n\t<meta name=\"twitter:data1\" content=\"1\u00a0Minute\" \/>\n<script type=\"application\/ld+json\" class=\"yoast-schema-graph\">{\"@context\":\"https:\/\/schema.org\",\"@graph\":[{\"@type\":\"WebPage\",\"@id\":\"https:\/\/www.zeilmakerijubs.nl\/de\/persenning\/\",\"url\":\"https:\/\/www.zeilmakerijubs.nl\/de\/persenning\/\",\"name\":\"Persenning | Zeilmakerij UBS B.V.\",\"isPartOf\":{\"@id\":\"https:\/\/www.zeilmakerijubs.nl\/de\/#website\"},\"primaryImageOfPage\":{\"@id\":\"https:\/\/www.zeilmakerijubs.nl\/de\/persenning\/#primaryimage\"},\"image\":{\"@id\":\"https:\/\/www.zeilmakerijubs.nl\/de\/persenning\/#primaryimage\"},\"thumbnailUrl\":\"https:\/\/www.zeilmakerijubs.nl\/wp-content\/uploads\/2021\/02\/zeilmakerijubs_producten_huiken-1-1024x682.jpg\",\"datePublished\":\"2021-02-16T19:19:00+00:00\",\"dateModified\":\"2021-02-17T11:38:07+00:00\",\"breadcrumb\":{\"@id\":\"https:\/\/www.zeilmakerijubs.nl\/de\/persenning\/#breadcrumb\"},\"inLanguage\":\"de\",\"potentialAction\":[{\"@type\":\"ReadAction\",\"target\":[\"https:\/\/www.zeilmakerijubs.nl\/de\/persenning\/\"]}]},{\"@type\":\"ImageObject\",\"inLanguage\":\"de\",\"@id\":\"https:\/\/www.zeilmakerijubs.nl\/de\/persenning\/#primaryimage\",\"url\":\"https:\/\/www.zeilmakerijubs.nl\/wp-content\/uploads\/2021\/02\/zeilmakerijubs_producten_huiken-1-1024x682.jpg\",\"contentUrl\":\"https:\/\/www.zeilmakerijubs.nl\/wp-content\/uploads\/2021\/02\/zeilmakerijubs_producten_huiken-1-1024x682.jpg\"},{\"@type\":\"BreadcrumbList\",\"@id\":\"https:\/\/www.zeilmakerijubs.nl\/de\/persenning\/#breadcrumb\",\"itemListElement\":[{\"@type\":\"ListItem\",\"position\":1,\"name\":\"Home\",\"item\":\"https:\/\/www.zeilmakerijubs.nl\/de\/\"},{\"@type\":\"ListItem\",\"position\":2,\"name\":\"Persenning\"}]},{\"@type\":\"WebSite\",\"@id\":\"https:\/\/www.zeilmakerijubs.nl\/de\/#website\",\"url\":\"https:\/\/www.zeilmakerijubs.nl\/de\/\",\"name\":\"Zeilmakerij UBS B.V.\",\"description\":\"Zeilen | Huiken | Hoezen | Tenten | Afdekhoezen\",\"publisher\":{\"@id\":\"https:\/\/www.zeilmakerijubs.nl\/de\/#organization\"},\"potentialAction\":[{\"@type\":\"SearchAction\",\"target\":{\"@type\":\"EntryPoint\",\"urlTemplate\":\"https:\/\/www.zeilmakerijubs.nl\/de\/?s={search_term_string}\"},\"query-input\":{\"@type\":\"PropertyValueSpecification\",\"valueRequired\":true,\"valueName\":\"search_term_string\"}}],\"inLanguage\":\"de\"},{\"@type\":\"Organization\",\"@id\":\"https:\/\/www.zeilmakerijubs.nl\/de\/#organization\",\"name\":\"Zeilmakerij UBS | Zeilen | Huiken | Hoezen | Tenten\",\"url\":\"https:\/\/www.zeilmakerijubs.nl\/de\/\",\"logo\":{\"@type\":\"ImageObject\",\"inLanguage\":\"de\",\"@id\":\"https:\/\/www.zeilmakerijubs.nl\/de\/#\/schema\/logo\/image\/\",\"url\":\"https:\/\/www.zeilmakerijubs.nl\/wp-content\/uploads\/2020\/05\/favicon-Zeilmakerij-UBS.png\",\"contentUrl\":\"https:\/\/www.zeilmakerijubs.nl\/wp-content\/uploads\/2020\/05\/favicon-Zeilmakerij-UBS.png\",\"width\":1194,\"height\":1194,\"caption\":\"Zeilmakerij UBS | Zeilen | Huiken | Hoezen | Tenten\"},\"image\":{\"@id\":\"https:\/\/www.zeilmakerijubs.nl\/de\/#\/schema\/logo\/image\/\"},\"sameAs\":[\"https:\/\/www.facebook.com\/zeilmakerijubs\/\",\"https:\/\/www.instagram.com\/zeilmakerij_ubs\/\",\"https:\/\/www.youtube.com\/channel\/UCc7c83J-p8HxfK3FnlCoj-g\"]}]}<\/script>\n<!-- \/ Yoast SEO plugin. -->","yoast_head_json":{"title":"Persenning | Zeilmakerij UBS B.V.","robots":{"index":"index","follow":"follow","max-snippet":"max-snippet:-1","max-image-preview":"max-image-preview:large","max-video-preview":"max-video-preview:-1"},"canonical":"https:\/\/www.zeilmakerijubs.nl\/de\/persenning\/","og_locale":"de_DE","og_type":"article","og_title":"Persenning | Zeilmakerij UBS B.V.","og_description":"Neue Persenning Eine Persenning ist wichtig. Nicht so sehr, um das Regenwasser vom Eindringen abzuhalten (dies tut sie nat\u00fcrlich auch), sondern um Ihr Segel vor dem sch\u00e4dlichen UV-Licht zu sch\u00fctzen. Die Segelmacherei UBS fertigt neue Persenningen f\u00fcr jeden Schiffstyp, ob gro\u00df oder klein. Wenn Ihr aktuelle Persenning Ihren W\u00fcnschen entspricht, werden wir diese als Vorbild [&hellip;]","og_url":"https:\/\/www.zeilmakerijubs.nl\/de\/persenning\/","og_site_name":"Zeilmakerij UBS B.V.","article_publisher":"https:\/\/www.facebook.com\/zeilmakerijubs\/","article_modified_time":"2021-02-17T11:38:07+00:00","og_image":[{"url":"https:\/\/www.zeilmakerijubs.nl\/wp-content\/uploads\/2021\/02\/zeilmakerijubs_producten_huiken-1-1024x682.jpg","type":"","width":"","height":""}],"twitter_card":"summary_large_image","twitter_misc":{"Gesch\u00e4tzte Lesezeit":"1\u00a0Minute"},"schema":{"@context":"https:\/\/schema.org","@graph":[{"@type":"WebPage","@id":"https:\/\/www.zeilmakerijubs.nl\/de\/persenning\/","url":"https:\/\/www.zeilmakerijubs.nl\/de\/persenning\/","name":"Persenning | Zeilmakerij UBS B.V.","isPartOf":{"@id":"https:\/\/www.zeilmakerijubs.nl\/de\/#website"},"primaryImageOfPage":{"@id":"https:\/\/www.zeilmakerijubs.nl\/de\/persenning\/#primaryimage"},"image":{"@id":"https:\/\/www.zeilmakerijubs.nl\/de\/persenning\/#primaryimage"},"thumbnailUrl":"https:\/\/www.zeilmakerijubs.nl\/wp-content\/uploads\/2021\/02\/zeilmakerijubs_producten_huiken-1-1024x682.jpg","datePublished":"2021-02-16T19:19:00+00:00","dateModified":"2021-02-17T11:38:07+00:00","breadcrumb":{"@id":"https:\/\/www.zeilmakerijubs.nl\/de\/persenning\/#breadcrumb"},"inLanguage":"de","potentialAction":[{"@type":"ReadAction","target":["https:\/\/www.zeilmakerijubs.nl\/de\/persenning\/"]}]},{"@type":"ImageObject","inLanguage":"de","@id":"https:\/\/www.zeilmakerijubs.nl\/de\/persenning\/#primaryimage","url":"https:\/\/www.zeilmakerijubs.nl\/wp-content\/uploads\/2021\/02\/zeilmakerijubs_producten_huiken-1-1024x682.jpg","contentUrl":"https:\/\/www.zeilmakerijubs.nl\/wp-content\/uploads\/2021\/02\/zeilmakerijubs_producten_huiken-1-1024x682.jpg"},{"@type":"BreadcrumbList","@id":"https:\/\/www.zeilmakerijubs.nl\/de\/persenning\/#breadcrumb","itemListElement":[{"@type":"ListItem","position":1,"name":"Home","item":"https:\/\/www.zeilmakerijubs.nl\/de\/"},{"@type":"ListItem","position":2,"name":"Persenning"}]},{"@type":"WebSite","@id":"https:\/\/www.zeilmakerijubs.nl\/de\/#website","url":"https:\/\/www.zeilmakerijubs.nl\/de\/","name":"Zeilmakerij UBS B.V.","description":"Zeilen | Huiken | Hoezen | Tenten | Afdekhoezen","publisher":{"@id":"https:\/\/www.zeilmakerijubs.nl\/de\/#organization"},"potentialAction":[{"@type":"SearchAction","target":{"@type":"EntryPoint","urlTemplate":"https:\/\/www.zeilmakerijubs.nl\/de\/?s={search_term_string}"},"query-input":{"@type":"PropertyValueSpecification","valueRequired":true,"valueName":"search_term_string"}}],"inLanguage":"de"},{"@type":"Organization","@id":"https:\/\/www.zeilmakerijubs.nl\/de\/#organization","name":"Zeilmakerij UBS | Zeilen | Huiken | Hoezen | Tenten","url":"https:\/\/www.zeilmakerijubs.nl\/de\/","logo":{"@type":"ImageObject","inLanguage":"de","@id":"https:\/\/www.zeilmakerijubs.nl\/de\/#\/schema\/logo\/image\/","url":"https:\/\/www.zeilmakerijubs.nl\/wp-content\/uploads\/2020\/05\/favicon-Zeilmakerij-UBS.png","contentUrl":"https:\/\/www.zeilmakerijubs.nl\/wp-content\/uploads\/2020\/05\/favicon-Zeilmakerij-UBS.png","width":1194,"height":1194,"caption":"Zeilmakerij UBS | Zeilen | Huiken | Hoezen | Tenten"},"image":{"@id":"https:\/\/www.zeilmakerijubs.nl\/de\/#\/schema\/logo\/image\/"},"sameAs":["https:\/\/www.facebook.com\/zeilmakerijubs\/","https:\/\/www.instagram.com\/zeilmakerij_ubs\/","https:\/\/www.youtube.com\/channel\/UCc7c83J-p8HxfK3FnlCoj-g"]}]}},"_links":{"self":[{"href":"https:\/\/www.zeilmakerijubs.nl\/de\/wp-json\/wp\/v2\/pages\/3093","targetHints":{"allow":["GET"]}}],"collection":[{"href":"https:\/\/www.zeilmakerijubs.nl\/de\/wp-json\/wp\/v2\/pages"}],"about":[{"href":"https:\/\/www.zeilmakerijubs.nl\/de\/wp-json\/wp\/v2\/types\/page"}],"author":[{"embeddable":true,"href":"https:\/\/www.zeilmakerijubs.nl\/de\/wp-json\/wp\/v2\/users\/1"}],"replies":[{"embeddable":true,"href":"https:\/\/www.zeilmakerijubs.nl\/de\/wp-json\/wp\/v2\/comments?post=3093"}],"version-history":[{"count":5,"href":"https:\/\/www.zeilmakerijubs.nl\/de\/wp-json\/wp\/v2\/pages\/3093\/revisions"}],"predecessor-version":[{"id":3248,"href":"https:\/\/www.zeilmakerijubs.nl\/de\/wp-json\/wp\/v2\/pages\/3093\/revisions\/3248"}],"wp:attachment":[{"href":"https:\/\/www.zeilmakerijubs.nl\/de\/wp-json\/wp\/v2\/media?parent=3093"}],"curies":[{"name":"wp","href":"https:\/\/api.w.org\/{rel}","templated":true}]}}